{"id":9,"date":"2021-03-12T13:40:50","date_gmt":"2021-03-12T13:40:50","guid":{"rendered":"https:\/\/custom.heliware.de\/?page_id=9"},"modified":"2025-05-02T12:32:46","modified_gmt":"2025-05-02T12:32:46","slug":"wohnungen","status":"publish","type":"page","link":"https:\/\/haus-varwig.heliware.de\/?page_id=9","title":{"rendered":"Wohnlich"},"content":{"rendered":"<p><strong>Ihr Zuhause auf Zeit \u2013 Komfortable Ferienwohnungen zum Wohlf\u00fchlen<\/strong><\/p>\n<p>W\u00e4hrend Ihres Aufenthalts wohnen Sie in liebevoll gepflegten und komfortabel eingerichteten Ferienwohnungen. Bettw\u00e4sche und Handt\u00fccher sind inklusive, ebenso die Endreinigung.<\/p>\n<p><strong>Ausstattung unserer Ferienwohnungen:<\/strong><br \/>\n\u2705 K\u00fcchenzeile \/ Wohnraum<br \/>\n\u2705 Schlafzimmer<br \/>\n\u2705 Badezimmer mit Dusche \/ WC<br \/>\n\u2705 gro\u00dfer Flachbild TV<br \/>\n\u2705 Kostenloses Glasfaser &#8211; WLAN<br \/>\n\u2705 Mikrowelle<br \/>\n\u2705 Kaffeemaschine<br \/>\n\u2705 Wasserkocher<br \/>\n\u2705 Toaster<br \/>\n\u2705 Haartrockner<\/p>\n<p>Nichtraucherhaus \/ keine Haustiere<\/p>\n<p>Genie\u00dfen Sie eine entspannte Auszeit in gem\u00fctlicher Atmosph\u00e4re<\/p>\n<p>&nbsp;<\/p>\n<ul>\n<li><span style=\"color: #638227;\"><strong>Klicken Sie bitte f\u00fcr weitere Informationen auf den jeweiligen Link:<\/strong><\/span><\/li>\n<\/ul>\n<blockquote>\n<h4><strong><a href=\"https:\/\/haus-varwig.de\/?page_id=98\">Ferienwohnung 1<\/a><\/strong><\/h4>\n<\/blockquote>\n<h6>wird bald Renoviert&#8230;&nbsp;<\/h6>\n<p>45 m\u00b2, f\u00fcr 2 (3) Personen im Erdgeschoss (3 Treppenstufen)<br \/>\nkombinierter Wohn- und Essraum, K\u00fcchenzeile mit Backofen<br \/>\nSchlafzimmer mit Doppelbett, kleines Schlafsofa&nbsp;<br \/>\nKleines Bad mit WC und Waschbecken im Schlafzimmer, getrennte Dusche im Wohnbereich<br \/>\nfreies WLAN im ganzen Haus<br \/>\nGro\u00dfer Flach TV<br \/>\nStellplatz f\u00fcr PKW<\/p>\n<blockquote>\n<h4><strong><a href=\"https:\/\/haus-varwig.de\/?page_id=100\">Ferienwohnung 2<\/a><\/strong><\/h4>\n<\/blockquote>\n<h6>Renoviert im Fr\u00fchjahr 2021<\/h6>\n<p>40 m\u00b2, f\u00fcr 2 (3) Personen im Erdgeschoss (3 Treppenstufen)<br \/>\nkombinierter Wohn- und Essraum, K\u00fcchenzeile mit Backofen<br \/>\nSchlafzimmer mit Doppelbett, Schlafsofa<br \/>\nBadezimmer mit Dusche und WC&nbsp;<br \/>\nfreies WLAN im ganzen Haus<br \/>\nFlach TV<br \/>\nStellplatz f\u00fcr PKW<\/p>\n<blockquote>\n<h4><a href=\"https:\/\/haus-varwig.de\/?page_id=102\"><strong>Ferienwohnung 3<\/strong><\/a><\/h4>\n<\/blockquote>\n<h6>Renoviert im Fr\u00fchjahr 2024&nbsp;&nbsp;<\/h6>\n<p>37 m\u00b2, f\u00fcr 1-2 Personen im Erdgeschoss (3 Treppenstufen)<br \/>\nkombinierter Wohn- und Essraum, K\u00fcchenzeile&nbsp;<br \/>\nSchlafzimmer mit Doppelbett<br \/>\nBadezimmer mit Dusche und WC<br \/>\nfreies WLAN im ganzen Haus<br \/>\nGro\u00dfer Flach TV<br \/>\nStellplatz f\u00fcr PKW<\/p>\n<blockquote>\n<h4><strong><a href=\"https:\/\/haus-varwig.de\/?page_id=104\">Studio 4<\/a><\/strong><\/h4>\n<\/blockquote>\n<h6>Renoviert im Fr\u00fchjahr 2023&nbsp;<\/h6>\n<p>22 m\u00b2, f\u00fcr 1Personen im Erdgeschoss (ebenerdig)<br \/>\ngem\u00fctliches Bett, Schrankwand mit K\u00fcche und Sitzgelegenheit, Sessel&nbsp;<br \/>\nBadezimmer mit begehbarer Dusche und WC<br \/>\nfreies WLAN im ganzen Haus<br \/>\nGro\u00dfer Flach TV<br \/>\nStellplatz f\u00fcr PKW<\/p>\n<blockquote>\n<h4><a href=\"https:\/\/haus-varwig.de\/?page_id=106\"><strong>Appartement 5<\/strong><\/a><\/h4>\n<\/blockquote>\n<h6>Renoviert im Fr\u00fchjahr 2025<\/h6>\n<p>25 m\u00b2, f\u00fcr 1-2 Personen im Erdgeschoss&nbsp; (ebenerdig)<br \/>\nLandhausschlafzimmer mit Doppelbett und gem\u00fctlicher Sitzecke<br \/>\nK\u00fcchenzeile mit Back-Grill-Mikrowelle und Essplatz<br \/>\nBadezimmer mit begehbarer Dusche und WC<br \/>\nfreies WLAN im ganzen Haus<br \/>\nGro\u00dfer Flach TV<br \/>\nStellplatz&nbsp; f\u00fcr PKW<\/p>\n","protected":false},"excerpt":{"rendered":"<p>Ihr Zuhause auf Zeit \u2013 Komfortable Ferienwohnungen zum Wohlf\u00fchlen W\u00e4hrend Ihres Aufenthalts wohnen Sie in liebevoll gepflegten und komfortabel eingerichteten<\/p>\n","protected":false},"author":1,"featured_media":0,"parent":0,"menu_order":0,"comment_status":"closed","ping_status":"closed","template":"","meta":{"ngg_post_thumbnail":0,"footnotes":""},"class_list":["post-9","page","type-page","status-publish","hentry"],"yoast_head":"<!-- This site is optimized with the Yoast SEO plugin v24.4 - https:\/\/yoast.com\/wordpress\/plugins\/seo\/ -->\n<title>Wohnlich - Ferienwohnungen Bad Rothenfelde am Kurpark ruhig und ortsnah<\/title>\n<meta name=\"description\" content=\"Ferienwohnungen, Urlaub, Bad Rothenfelde, Pension, Haus Varwig, am Kurpark, Entspannung, Wohlf\u00fchlen, Auszeit, Fahrradtour, Wandern, buchen\" \/>\n<meta name=\"robots\" content=\"index, follow, max-snippet:-1, max-image-preview:large, max-video-preview:-1\" \/>\n<link rel=\"canonical\" href=\"https:\/\/haus-varwig.heliware.de\/?page_id=9\" \/>\n<meta property=\"og:locale\" content=\"de_DE\" \/>\n<meta property=\"og:type\" content=\"article\" \/>\n<meta property=\"og:title\" content=\"Wohnlich - Ferienwohnungen Bad Rothenfelde am Kurpark ruhig und ortsnah\" \/>\n<meta property=\"og:description\" content=\"Ferienwohnungen, Urlaub, Bad Rothenfelde, Pension, Haus Varwig, am Kurpark, Entspannung, Wohlf\u00fchlen, Auszeit, Fahrradtour, Wandern, buchen\" \/>\n<meta property=\"og:url\" content=\"https:\/\/haus-varwig.heliware.de\/?page_id=9\" \/>\n<meta property=\"og:site_name\" content=\"Ferienwohnungen Bad Rothenfelde am Kurpark ruhig und ortsnah\" \/>\n<meta property=\"article:modified_time\" content=\"2025-05-02T12:32:46+00:00\" \/>\n<meta name=\"twitter:card\" content=\"summary_large_image\" \/>\n<meta name=\"twitter:label1\" content=\"Gesch\u00e4tzte Lesezeit\" \/>\n\t<meta name=\"twitter:data1\" content=\"2\u00a0Minuten\" \/>\n<script type=\"application\/ld+json\" class=\"yoast-schema-graph\">{\"@context\":\"https:\/\/schema.org\",\"@graph\":[{\"@type\":\"WebPage\",\"@id\":\"https:\/\/haus-varwig.heliware.de\/?page_id=9\",\"url\":\"https:\/\/haus-varwig.heliware.de\/?page_id=9\",\"name\":\"Wohnlich - Ferienwohnungen Bad Rothenfelde am Kurpark ruhig und ortsnah\",\"isPartOf\":{\"@id\":\"https:\/\/haus-varwig.heliware.de\/#website\"},\"datePublished\":\"2021-03-12T13:40:50+00:00\",\"dateModified\":\"2025-05-02T12:32:46+00:00\",\"description\":\"Ferienwohnungen, Urlaub, Bad Rothenfelde, Pension, Haus Varwig, am Kurpark, Entspannung, Wohlf\u00fchlen, Auszeit, Fahrradtour, Wandern, buchen\",\"breadcrumb\":{\"@id\":\"https:\/\/haus-varwig.heliware.de\/?page_id=9#breadcrumb\"},\"inLanguage\":\"de\",\"potentialAction\":[{\"@type\":\"ReadAction\",\"target\":[\"https:\/\/haus-varwig.heliware.de\/?page_id=9\"]}]},{\"@type\":\"BreadcrumbList\",\"@id\":\"https:\/\/haus-varwig.heliware.de\/?page_id=9#breadcrumb\",\"itemListElement\":[{\"@type\":\"ListItem\",\"position\":1,\"name\":\"Startseite\",\"item\":\"https:\/\/haus-varwig.heliware.de\/\"},{\"@type\":\"ListItem\",\"position\":2,\"name\":\"Wohnlich\"}]},{\"@type\":\"WebSite\",\"@id\":\"https:\/\/haus-varwig.heliware.de\/#website\",\"url\":\"https:\/\/haus-varwig.heliware.de\/\",\"name\":\"Ferienwohnungen Bad Rothenfelde am Kurpark ruhig und ortsnah\",\"description\":\"Ferienwohnungen Bad Rothenfelde am Kurpark ruhig und ortsnah\",\"publisher\":{\"@id\":\"https:\/\/haus-varwig.heliware.de\/#organization\"},\"potentialAction\":[{\"@type\":\"SearchAction\",\"target\":{\"@type\":\"EntryPoint\",\"urlTemplate\":\"https:\/\/haus-varwig.heliware.de\/?s={search_term_string}\"},\"query-input\":{\"@type\":\"PropertyValueSpecification\",\"valueRequired\":true,\"valueName\":\"search_term_string\"}}],\"inLanguage\":\"de\"},{\"@type\":\"Organization\",\"@id\":\"https:\/\/haus-varwig.heliware.de\/#organization\",\"name\":\"Haus Varwig Bad Rothenfelde\",\"url\":\"https:\/\/haus-varwig.heliware.de\/\",\"logo\":{\"@type\":\"ImageObject\",\"inLanguage\":\"de\",\"@id\":\"https:\/\/haus-varwig.heliware.de\/#\/schema\/logo\/image\/\",\"url\":\"https:\/\/haus-varwig.heliware.de\/wp-content\/uploads\/2023\/08\/cropped-cropped-cropped-ICON_Haus_Varwig.png\",\"contentUrl\":\"https:\/\/haus-varwig.heliware.de\/wp-content\/uploads\/2023\/08\/cropped-cropped-cropped-ICON_Haus_Varwig.png\",\"width\":512,\"height\":512,\"caption\":\"Haus Varwig Bad Rothenfelde\"},\"image\":{\"@id\":\"https:\/\/haus-varwig.heliware.de\/#\/schema\/logo\/image\/\"}}]}<\/script>\n<!-- \/ Yoast SEO plugin. -->","yoast_head_json":{"title":"Wohnlich - Ferienwohnungen Bad Rothenfelde am Kurpark ruhig und ortsnah","description":"Ferienwohnungen, Urlaub, Bad Rothenfelde, Pension, Haus Varwig, am Kurpark, Entspannung, Wohlf\u00fchlen, Auszeit, Fahrradtour, Wandern, buchen","robots":{"index":"index","follow":"follow","max-snippet":"max-snippet:-1","max-image-preview":"max-image-preview:large","max-video-preview":"max-video-preview:-1"},"canonical":"https:\/\/haus-varwig.heliware.de\/?page_id=9","og_locale":"de_DE","og_type":"article","og_title":"Wohnlich - Ferienwohnungen Bad Rothenfelde am Kurpark ruhig und ortsnah","og_description":"Ferienwohnungen, Urlaub, Bad Rothenfelde, Pension, Haus Varwig, am Kurpark, Entspannung, Wohlf\u00fchlen, Auszeit, Fahrradtour, Wandern, buchen","og_url":"https:\/\/haus-varwig.heliware.de\/?page_id=9","og_site_name":"Ferienwohnungen Bad Rothenfelde am Kurpark ruhig und ortsnah","article_modified_time":"2025-05-02T12:32:46+00:00","twitter_card":"summary_large_image","twitter_misc":{"Gesch\u00e4tzte Lesezeit":"2\u00a0Minuten"},"schema":{"@context":"https:\/\/schema.org","@graph":[{"@type":"WebPage","@id":"https:\/\/haus-varwig.heliware.de\/?page_id=9","url":"https:\/\/haus-varwig.heliware.de\/?page_id=9","name":"Wohnlich - Ferienwohnungen Bad Rothenfelde am Kurpark ruhig und ortsnah","isPartOf":{"@id":"https:\/\/haus-varwig.heliware.de\/#website"},"datePublished":"2021-03-12T13:40:50+00:00","dateModified":"2025-05-02T12:32:46+00:00","description":"Ferienwohnungen, Urlaub, Bad Rothenfelde, Pension, Haus Varwig, am Kurpark, Entspannung, Wohlf\u00fchlen, Auszeit, Fahrradtour, Wandern, buchen","breadcrumb":{"@id":"https:\/\/haus-varwig.heliware.de\/?page_id=9#breadcrumb"},"inLanguage":"de","potentialAction":[{"@type":"ReadAction","target":["https:\/\/haus-varwig.heliware.de\/?page_id=9"]}]},{"@type":"BreadcrumbList","@id":"https:\/\/haus-varwig.heliware.de\/?page_id=9#breadcrumb","itemListElement":[{"@type":"ListItem","position":1,"name":"Startseite","item":"https:\/\/haus-varwig.heliware.de\/"},{"@type":"ListItem","position":2,"name":"Wohnlich"}]},{"@type":"WebSite","@id":"https:\/\/haus-varwig.heliware.de\/#website","url":"https:\/\/haus-varwig.heliware.de\/","name":"Ferienwohnungen Bad Rothenfelde am Kurpark ruhig und ortsnah","description":"Ferienwohnungen Bad Rothenfelde am Kurpark ruhig und ortsnah","publisher":{"@id":"https:\/\/haus-varwig.heliware.de\/#organization"},"potentialAction":[{"@type":"SearchAction","target":{"@type":"EntryPoint","urlTemplate":"https:\/\/haus-varwig.heliware.de\/?s={search_term_string}"},"query-input":{"@type":"PropertyValueSpecification","valueRequired":true,"valueName":"search_term_string"}}],"inLanguage":"de"},{"@type":"Organization","@id":"https:\/\/haus-varwig.heliware.de\/#organization","name":"Haus Varwig Bad Rothenfelde","url":"https:\/\/haus-varwig.heliware.de\/","logo":{"@type":"ImageObject","inLanguage":"de","@id":"https:\/\/haus-varwig.heliware.de\/#\/schema\/logo\/image\/","url":"https:\/\/haus-varwig.heliware.de\/wp-content\/uploads\/2023\/08\/cropped-cropped-cropped-ICON_Haus_Varwig.png","contentUrl":"https:\/\/haus-varwig.heliware.de\/wp-content\/uploads\/2023\/08\/cropped-cropped-cropped-ICON_Haus_Varwig.png","width":512,"height":512,"caption":"Haus Varwig Bad Rothenfelde"},"image":{"@id":"https:\/\/haus-varwig.heliware.de\/#\/schema\/logo\/image\/"}}]}},"_links":{"self":[{"href":"https:\/\/haus-varwig.heliware.de\/index.php?rest_route=\/wp\/v2\/pages\/9","targetHints":{"allow":["GET"]}}],"collection":[{"href":"https:\/\/haus-varwig.heliware.de\/index.php?rest_route=\/wp\/v2\/pages"}],"about":[{"href":"https:\/\/haus-varwig.heliware.de\/index.php?rest_route=\/wp\/v2\/types\/page"}],"author":[{"embeddable":true,"href":"https:\/\/haus-varwig.heliware.de\/index.php?rest_route=\/wp\/v2\/users\/1"}],"replies":[{"embeddable":true,"href":"https:\/\/haus-varwig.heliware.de\/index.php?rest_route=%2Fwp%2Fv2%2Fcomments&post=9"}],"version-history":[{"count":59,"href":"https:\/\/haus-varwig.heliware.de\/index.php?rest_route=\/wp\/v2\/pages\/9\/revisions"}],"predecessor-version":[{"id":1713,"href":"https:\/\/haus-varwig.heliware.de\/index.php?rest_route=\/wp\/v2\/pages\/9\/revisions\/1713"}],"wp:attachment":[{"href":"https:\/\/haus-varwig.heliware.de\/index.php?rest_route=%2Fwp%2Fv2%2Fmedia&parent=9"}],"curies":[{"name":"wp","href":"https:\/\/api.w.org\/{rel}","templated":true}]}}