{"id":866,"date":"2022-03-27T19:56:14","date_gmt":"2022-03-27T19:56:14","guid":{"rendered":"https:\/\/custom.heliware.de\/?page_id=866"},"modified":"2025-10-08T15:22:21","modified_gmt":"2025-10-08T15:22:21","slug":"neuerlich","status":"publish","type":"page","link":"https:\/\/haus-varwig.heliware.de\/?page_id=866","title":{"rendered":"Neuerlich"},"content":{"rendered":"\r\n<h4>&nbsp;<\/h4>\r\n<h1>Vorfreude auf unsere Veranstaltungen 2025\/26<\/h1>\r\n<h4>Termine der gro\u00dfen Feste im Park und kleinen Highlights&nbsp;<\/h4>\r\n<p>genaue Termine werden erst im Fr\u00fchjahr 2026 bereitgestellt &#8211; Danke f\u00fcr Ihr Verst\u00e4ndnis<\/p>\r\n<p>&nbsp;<\/p>\r\n<blockquote>\r\n<h3><a href=\"https:\/\/www.bad-rothenfelde.de\/files\/badrothenfelde\/ggv_2025\/GGV_Bad_Rothenfelde_2025_RZ_online.pdf\">Urlaubs Magazin Bad Rothenfelde &#8211; hier klicken &#8211;<\/a><\/h3>\r\n<\/blockquote>\r\n<p>&nbsp;<\/p>\r\n<blockquote>\r\n<h3><a href=\"https:\/\/online.aktuellmonatshefte.de\/badrothenfeldeaktuell#page=1\">Bad Rothenfelde AKTUEL&nbsp; Monatsheft &#8211; hier klicken &#8211;<\/a><\/h3>\r\n<\/blockquote>\r\n<p>&nbsp;<\/p>\r\n<blockquote>\r\n<h3><a href=\"https:\/\/online.aktuellmonatshefte.de\/badlaeraktuell#page=1\">Bad Laer AKTUEL Monatsheft &#8211; hier klicken &#8211;<\/a><\/h3>\r\n<\/blockquote>\r\n<p>&nbsp;<\/p>\r\n<h5><span style=\"color: #99cc00;\">&nbsp;2026<\/span><\/h5>\r\n<h2>Mittelaltermarkt<\/h2>\r\n<p>auf der Neues Gradierwerk Nordseite\/Bahnhofstra\u00dfe<\/p>\r\n<p>&nbsp;<\/p>\r\n<h5><span style=\"color: #99cc00;\">&nbsp;2026<\/span><\/h5>\r\n<h2>Pfingstlaube<\/h2>\r\n<p>auf dem Festplatz Palsterkamp &#8211; wie der Name schon sagt: Pfinsten!<\/p>\r\n<p>&nbsp;<\/p>\r\n<h5><span style=\"color: #99cc00;\">&nbsp;Juni 2026<\/span><\/h5>\r\n<h2>Rosenzeit<\/h2>\r\n<p>im Rudi-Wernemann-Rosengarten &#8211; &nbsp;der Termin richtet sich nach der besten Bl\u00fctezeit im Juni und kann variieren.<\/p>\r\n<p>&nbsp;<\/p>\r\n<h5><span style=\"color: #99cc00;\">&nbsp;Juni 2026<\/span><\/h5>\r\n<h2>Salzmarkt<\/h2>\r\n<p>am Alten Gradierwerk und auf dem Brunnenplatz &#8211; immer ab Fronleichnam bis Sonntag<\/p>\r\n<h5><span style=\"color: #99cc00;\">&nbsp;Juli 2026<\/span><\/h5>\r\n<h2>27. Sparkassen Jazz-Festival\u201c<\/h2>\r\n<p>Freitag, xx. ab 17:00 Uhr<br>Samstag, xx. ab 14:00 Uhr<br>eintrittspflichtig, s. Sonderank\u00fcndigung<\/p>\r\n<p>&nbsp;<\/p>\r\n<h5><span style=\"color: #99cc00;\">Juli 2026<\/span><\/h5>\r\n<h2>Reblaus &#8211; Winzerfest&nbsp;<\/h2>\r\n<p>unser Winzerfest im Konzertgarten immer am 4. Wochenende im Juli<\/p>\r\n<p>Am vierten Juliwochenende jeden Jahres findet das Rebalus Weinfest in Bad Rothenfelde statt. <br>Unter Kastanienb\u00e4umen laden Winzer zur entspannten Weinprobe ein. <br>An kulinarische K\u00f6stlichkeiten wie Flammkuchen und kleine H\u00e4ppchen zum Wein wird nat\u00fcrlich auch gedacht!<br>Der Besuch wird jeden Abend mit Live-Musik abgerundet.<\/p>\r\n<p>Freitag: 16:00-23:00 Uhr<br>Samstag: 15:00-23:00 Uhr<br>Sonntag: 11:00-20:00<\/p>\r\n<p>&nbsp;<\/p>\r\n<h5><span style=\"color: #99cc00;\">Juli 2026<\/span><\/h5>\r\n<h2>Sch\u00fctzenfest des Sch\u00fctzenvereins&nbsp; Erpen-Timmern s.<\/h2>\r\n<p>Festplatz Erpen am Timmern Wald<\/p>\r\n<p>&nbsp;<\/p>\r\n<h5 style=\"text-align: left;\"><span style=\"color: #99cc00;\">&nbsp;August 2026<\/span><\/h5>\r\n<h2 style=\"text-align: left;\">Bad Rothenfelder Heimatfest&nbsp; &nbsp; &nbsp; &nbsp; &nbsp;<\/h2>\r\n<p>mit Festumzug und Fete&nbsp; &#8211; traditionell am 3. WE im August<\/p>\r\n<p style=\"text-align: left;\">Ausgerichtet von der SSG und der Feuerwehr<\/p>\r\n<p>&nbsp;<\/p>\r\n<h5><span style=\"color: #99cc00;\">11. bis 14. \/&nbsp; &nbsp;18. bis 21. \/ 27. bis 30.Dezember 2025<\/span><\/h5>\r\n<h2>Winterdorf<\/h2>\r\n<p>vor dem Kurmittelhaus an den Wochenenden von Mi. bzw. Do. &#8211; So<\/p>\r\n<p>&nbsp;<\/p>\r\n<p>&nbsp;<\/p>\r\n<p>&nbsp;<\/p>\r\n<h3><em>Impressionen vom Teuto und Umgebung&nbsp; &#8230;<\/em><\/h3>\r\n\r\n\r\n\r\nngg_shortcode_0_placeholder\r\n","protected":false},"excerpt":{"rendered":"<p>&nbsp; Vorfreude auf unsere Veranstaltungen 2025\/26 Termine der gro\u00dfen Feste im Park und kleinen Highlights&nbsp; genaue Termine werden erst im<\/p>\n","protected":false},"author":1,"featured_media":0,"parent":0,"menu_order":0,"comment_status":"closed","ping_status":"closed","template":"","meta":{"ngg_post_thumbnail":0,"footnotes":""},"class_list":["post-866","page","type-page","status-publish","hentry"],"yoast_head":"<!-- This site is optimized with the Yoast SEO plugin v24.4 - https:\/\/yoast.com\/wordpress\/plugins\/seo\/ -->\n<title>Neuerlich - Ferienwohnungen Bad Rothenfelde am Kurpark ruhig und ortsnah<\/title>\n<meta name=\"robots\" content=\"index, follow, max-snippet:-1, max-image-preview:large, max-video-preview:-1\" \/>\n<link rel=\"canonical\" href=\"https:\/\/haus-varwig.heliware.de\/?page_id=866\" \/>\n<meta property=\"og:locale\" content=\"de_DE\" \/>\n<meta property=\"og:type\" content=\"article\" \/>\n<meta property=\"og:title\" content=\"Neuerlich - Ferienwohnungen Bad Rothenfelde am Kurpark ruhig und ortsnah\" \/>\n<meta property=\"og:description\" content=\"&nbsp; Vorfreude auf unsere Veranstaltungen 2025\/26 Termine der gro\u00dfen Feste im Park und kleinen Highlights&nbsp; genaue Termine werden erst im\" \/>\n<meta property=\"og:url\" content=\"https:\/\/haus-varwig.heliware.de\/?page_id=866\" \/>\n<meta property=\"og:site_name\" content=\"Ferienwohnungen Bad Rothenfelde am Kurpark ruhig und ortsnah\" \/>\n<meta property=\"article:modified_time\" content=\"2025-10-08T15:22:21+00:00\" \/>\n<meta name=\"twitter:card\" content=\"summary_large_image\" \/>\n<meta name=\"twitter:label1\" content=\"Gesch\u00e4tzte Lesezeit\" \/>\n\t<meta name=\"twitter:data1\" content=\"2\u00a0Minuten\" \/>\n<script type=\"application\/ld+json\" class=\"yoast-schema-graph\">{\"@context\":\"https:\/\/schema.org\",\"@graph\":[{\"@type\":\"WebPage\",\"@id\":\"https:\/\/haus-varwig.heliware.de\/?page_id=866\",\"url\":\"https:\/\/haus-varwig.heliware.de\/?page_id=866\",\"name\":\"Neuerlich - Ferienwohnungen Bad Rothenfelde am Kurpark ruhig und ortsnah\",\"isPartOf\":{\"@id\":\"https:\/\/haus-varwig.heliware.de\/#website\"},\"datePublished\":\"2022-03-27T19:56:14+00:00\",\"dateModified\":\"2025-10-08T15:22:21+00:00\",\"breadcrumb\":{\"@id\":\"https:\/\/haus-varwig.heliware.de\/?page_id=866#breadcrumb\"},\"inLanguage\":\"de\",\"potentialAction\":[{\"@type\":\"ReadAction\",\"target\":[\"https:\/\/haus-varwig.heliware.de\/?page_id=866\"]}]},{\"@type\":\"BreadcrumbList\",\"@id\":\"https:\/\/haus-varwig.heliware.de\/?page_id=866#breadcrumb\",\"itemListElement\":[{\"@type\":\"ListItem\",\"position\":1,\"name\":\"Startseite\",\"item\":\"https:\/\/haus-varwig.heliware.de\/\"},{\"@type\":\"ListItem\",\"position\":2,\"name\":\"Neuerlich\"}]},{\"@type\":\"WebSite\",\"@id\":\"https:\/\/haus-varwig.heliware.de\/#website\",\"url\":\"https:\/\/haus-varwig.heliware.de\/\",\"name\":\"Ferienwohnungen Bad Rothenfelde am Kurpark ruhig und ortsnah\",\"description\":\"Ferienwohnungen Bad Rothenfelde am Kurpark ruhig und ortsnah\",\"publisher\":{\"@id\":\"https:\/\/haus-varwig.heliware.de\/#organization\"},\"potentialAction\":[{\"@type\":\"SearchAction\",\"target\":{\"@type\":\"EntryPoint\",\"urlTemplate\":\"https:\/\/haus-varwig.heliware.de\/?s={search_term_string}\"},\"query-input\":{\"@type\":\"PropertyValueSpecification\",\"valueRequired\":true,\"valueName\":\"search_term_string\"}}],\"inLanguage\":\"de\"},{\"@type\":\"Organization\",\"@id\":\"https:\/\/haus-varwig.heliware.de\/#organization\",\"name\":\"Haus Varwig Bad Rothenfelde\",\"url\":\"https:\/\/haus-varwig.heliware.de\/\",\"logo\":{\"@type\":\"ImageObject\",\"inLanguage\":\"de\",\"@id\":\"https:\/\/haus-varwig.heliware.de\/#\/schema\/logo\/image\/\",\"url\":\"https:\/\/haus-varwig.heliware.de\/wp-content\/uploads\/2023\/08\/cropped-cropped-cropped-ICON_Haus_Varwig.png\",\"contentUrl\":\"https:\/\/haus-varwig.heliware.de\/wp-content\/uploads\/2023\/08\/cropped-cropped-cropped-ICON_Haus_Varwig.png\",\"width\":512,\"height\":512,\"caption\":\"Haus Varwig Bad Rothenfelde\"},\"image\":{\"@id\":\"https:\/\/haus-varwig.heliware.de\/#\/schema\/logo\/image\/\"}}]}<\/script>\n<!-- \/ Yoast SEO plugin. -->","yoast_head_json":{"title":"Neuerlich - Ferienwohnungen Bad Rothenfelde am Kurpark ruhig und ortsnah","robots":{"index":"index","follow":"follow","max-snippet":"max-snippet:-1","max-image-preview":"max-image-preview:large","max-video-preview":"max-video-preview:-1"},"canonical":"https:\/\/haus-varwig.heliware.de\/?page_id=866","og_locale":"de_DE","og_type":"article","og_title":"Neuerlich - Ferienwohnungen Bad Rothenfelde am Kurpark ruhig und ortsnah","og_description":"&nbsp; Vorfreude auf unsere Veranstaltungen 2025\/26 Termine der gro\u00dfen Feste im Park und kleinen Highlights&nbsp; genaue Termine werden erst im","og_url":"https:\/\/haus-varwig.heliware.de\/?page_id=866","og_site_name":"Ferienwohnungen Bad Rothenfelde am Kurpark ruhig und ortsnah","article_modified_time":"2025-10-08T15:22:21+00:00","twitter_card":"summary_large_image","twitter_misc":{"Gesch\u00e4tzte Lesezeit":"2\u00a0Minuten"},"schema":{"@context":"https:\/\/schema.org","@graph":[{"@type":"WebPage","@id":"https:\/\/haus-varwig.heliware.de\/?page_id=866","url":"https:\/\/haus-varwig.heliware.de\/?page_id=866","name":"Neuerlich - Ferienwohnungen Bad Rothenfelde am Kurpark ruhig und ortsnah","isPartOf":{"@id":"https:\/\/haus-varwig.heliware.de\/#website"},"datePublished":"2022-03-27T19:56:14+00:00","dateModified":"2025-10-08T15:22:21+00:00","breadcrumb":{"@id":"https:\/\/haus-varwig.heliware.de\/?page_id=866#breadcrumb"},"inLanguage":"de","potentialAction":[{"@type":"ReadAction","target":["https:\/\/haus-varwig.heliware.de\/?page_id=866"]}]},{"@type":"BreadcrumbList","@id":"https:\/\/haus-varwig.heliware.de\/?page_id=866#breadcrumb","itemListElement":[{"@type":"ListItem","position":1,"name":"Startseite","item":"https:\/\/haus-varwig.heliware.de\/"},{"@type":"ListItem","position":2,"name":"Neuerlich"}]},{"@type":"WebSite","@id":"https:\/\/haus-varwig.heliware.de\/#website","url":"https:\/\/haus-varwig.heliware.de\/","name":"Ferienwohnungen Bad Rothenfelde am Kurpark ruhig und ortsnah","description":"Ferienwohnungen Bad Rothenfelde am Kurpark ruhig und ortsnah","publisher":{"@id":"https:\/\/haus-varwig.heliware.de\/#organization"},"potentialAction":[{"@type":"SearchAction","target":{"@type":"EntryPoint","urlTemplate":"https:\/\/haus-varwig.heliware.de\/?s={search_term_string}"},"query-input":{"@type":"PropertyValueSpecification","valueRequired":true,"valueName":"search_term_string"}}],"inLanguage":"de"},{"@type":"Organization","@id":"https:\/\/haus-varwig.heliware.de\/#organization","name":"Haus Varwig Bad Rothenfelde","url":"https:\/\/haus-varwig.heliware.de\/","logo":{"@type":"ImageObject","inLanguage":"de","@id":"https:\/\/haus-varwig.heliware.de\/#\/schema\/logo\/image\/","url":"https:\/\/haus-varwig.heliware.de\/wp-content\/uploads\/2023\/08\/cropped-cropped-cropped-ICON_Haus_Varwig.png","contentUrl":"https:\/\/haus-varwig.heliware.de\/wp-content\/uploads\/2023\/08\/cropped-cropped-cropped-ICON_Haus_Varwig.png","width":512,"height":512,"caption":"Haus Varwig Bad Rothenfelde"},"image":{"@id":"https:\/\/haus-varwig.heliware.de\/#\/schema\/logo\/image\/"}}]}},"_links":{"self":[{"href":"https:\/\/haus-varwig.heliware.de\/index.php?rest_route=\/wp\/v2\/pages\/866","targetHints":{"allow":["GET"]}}],"collection":[{"href":"https:\/\/haus-varwig.heliware.de\/index.php?rest_route=\/wp\/v2\/pages"}],"about":[{"href":"https:\/\/haus-varwig.heliware.de\/index.php?rest_route=\/wp\/v2\/types\/page"}],"author":[{"embeddable":true,"href":"https:\/\/haus-varwig.heliware.de\/index.php?rest_route=\/wp\/v2\/users\/1"}],"replies":[{"embeddable":true,"href":"https:\/\/haus-varwig.heliware.de\/index.php?rest_route=%2Fwp%2Fv2%2Fcomments&post=866"}],"version-history":[{"count":67,"href":"https:\/\/haus-varwig.heliware.de\/index.php?rest_route=\/wp\/v2\/pages\/866\/revisions"}],"predecessor-version":[{"id":1749,"href":"https:\/\/haus-varwig.heliware.de\/index.php?rest_route=\/wp\/v2\/pages\/866\/revisions\/1749"}],"wp:attachment":[{"href":"https:\/\/haus-varwig.heliware.de\/index.php?rest_route=%2Fwp%2Fv2%2Fmedia&parent=866"}],"curies":[{"name":"wp","href":"https:\/\/api.w.org\/{rel}","templated":true}]}}