{"id":7,"date":"2021-03-12T13:40:50","date_gmt":"2021-03-12T13:40:50","guid":{"rendered":"https:\/\/custom.heliware.de\/?page_id=7"},"modified":"2025-02-03T12:05:49","modified_gmt":"2025-02-03T12:05:49","slug":"120-jahre-haus-varwig","status":"publish","type":"page","link":"https:\/\/haus-varwig.heliware.de\/?page_id=7","title":{"rendered":"Geschichtlich"},"content":{"rendered":"<h2><strong>120 Jahre &#8211; Haus Varwig<\/strong><\/h2>\n<p style=\"text-align: left;\">Vor 110 Jahren kauft Wilhelm Varwig auf dem Grundst\u00fcck an der Wiekstra\u00dfe zun\u00e4chst ein eingeschossiges Wohnhaus Baujahr 1900.&nbsp;Sp\u00e4ter baut er das Haus um eine weitere Etage aus und gr\u00e4bt nachtr\u00e4glich einen Keller unter das Haus.<\/p>\n<h2 style=\"text-align: center;\"><img loading=\"lazy\" decoding=\"async\" class=\"wp-image-323 alignnone\" src=\"https:\/\/haus-varwig.de\/wp-content\/uploads\/2021\/11\/k-IMG_6573-225x300.jpg\" alt=\"\" width=\"307\" height=\"410\" srcset=\"https:\/\/haus-varwig.heliware.de\/wp-content\/uploads\/2021\/11\/k-IMG_6573-225x300.jpg 225w, https:\/\/haus-varwig.heliware.de\/wp-content\/uploads\/2021\/11\/k-IMG_6573-768x1024.jpg 768w, https:\/\/haus-varwig.heliware.de\/wp-content\/uploads\/2021\/11\/k-IMG_6573-1152x1536.jpg 1152w, https:\/\/haus-varwig.heliware.de\/wp-content\/uploads\/2021\/11\/k-IMG_6573-1536x2048.jpg 1536w, https:\/\/haus-varwig.heliware.de\/wp-content\/uploads\/2021\/11\/k-IMG_6573-scaled.jpg 1920w\" sizes=\"auto, (max-width: 307px) 100vw, 307px\" \/><\/h2>\n<p style=\"text-align: left;\">Am&nbsp; 1915 wird Sohn Franz geboren. Franz Varwig heiratet Wilhelmine und wird&nbsp;im 2. Weltkrieg an die Front geschickt.&nbsp;Nach seiner Gefangenschaft kehrt er zu seiner Frau und seinem bereits 7 j\u00e4hrigen Sohn zur\u00fcck.&nbsp;1960 errichtet Franz an dem Haupthaus einen zweigeschossigen Anbau und er\u00f6ffnet ein Speditionsgesch\u00e4ft.&nbsp;&#8222;Sohnemann&#8220; Gerd f\u00e4hrt nach einer Banklehre einen der LKWs.<\/p>\n<p style=\"text-align: center;\"><img loading=\"lazy\" decoding=\"async\" class=\"alignnone wp-image-322\" src=\"https:\/\/haus-varwig.de\/wp-content\/uploads\/2021\/11\/k-IMG_6572-225x300.jpg\" alt=\"\" width=\"257\" height=\"343\" srcset=\"https:\/\/haus-varwig.heliware.de\/wp-content\/uploads\/2021\/11\/k-IMG_6572-225x300.jpg 225w, https:\/\/haus-varwig.heliware.de\/wp-content\/uploads\/2021\/11\/k-IMG_6572-768x1024.jpg 768w, https:\/\/haus-varwig.heliware.de\/wp-content\/uploads\/2021\/11\/k-IMG_6572-1152x1536.jpg 1152w, https:\/\/haus-varwig.heliware.de\/wp-content\/uploads\/2021\/11\/k-IMG_6572-1536x2048.jpg 1536w, https:\/\/haus-varwig.heliware.de\/wp-content\/uploads\/2021\/11\/k-IMG_6572-scaled.jpg 1920w\" sizes=\"auto, (max-width: 257px) 100vw, 257px\" \/>&nbsp; <img loading=\"lazy\" decoding=\"async\" class=\"alignnone wp-image-324\" src=\"https:\/\/haus-varwig.de\/wp-content\/uploads\/2021\/11\/k-IMG_6586-218x300.jpg\" alt=\"\" width=\"248\" height=\"341\" srcset=\"https:\/\/haus-varwig.heliware.de\/wp-content\/uploads\/2021\/11\/k-IMG_6586-218x300.jpg 218w, https:\/\/haus-varwig.heliware.de\/wp-content\/uploads\/2021\/11\/k-IMG_6586-743x1024.jpg 743w, https:\/\/haus-varwig.heliware.de\/wp-content\/uploads\/2021\/11\/k-IMG_6586-768x1058.jpg 768w, https:\/\/haus-varwig.heliware.de\/wp-content\/uploads\/2021\/11\/k-IMG_6586-1115x1536.jpg 1115w, https:\/\/haus-varwig.heliware.de\/wp-content\/uploads\/2021\/11\/k-IMG_6586.jpg 1403w\" sizes=\"auto, (max-width: 248px) 100vw, 248px\" \/><\/p>\n<p style=\"text-align: left;\">1961 heiratet Sohn Gerd, baut wiederum an, um ein ein Heim f\u00fcr seine Familie zu schaffen.&nbsp;Seine drei M\u00e4dchen wachsen in der Wiekstra\u00dfe auf.<\/p>\n<p style=\"text-align: center;\"><img loading=\"lazy\" decoding=\"async\" class=\"alignnone wp-image-321\" src=\"https:\/\/haus-varwig.de\/wp-content\/uploads\/2021\/11\/k-IMG_6568-300x225.jpg\" alt=\"\" width=\"355\" height=\"266\" srcset=\"https:\/\/haus-varwig.heliware.de\/wp-content\/uploads\/2021\/11\/k-IMG_6568-300x225.jpg 300w, https:\/\/haus-varwig.heliware.de\/wp-content\/uploads\/2021\/11\/k-IMG_6568-1024x768.jpg 1024w, https:\/\/haus-varwig.heliware.de\/wp-content\/uploads\/2021\/11\/k-IMG_6568-768x576.jpg 768w, https:\/\/haus-varwig.heliware.de\/wp-content\/uploads\/2021\/11\/k-IMG_6568-1536x1152.jpg 1536w, https:\/\/haus-varwig.heliware.de\/wp-content\/uploads\/2021\/11\/k-IMG_6568-2048x1536.jpg 2048w\" sizes=\"auto, (max-width: 355px) 100vw, 355px\" \/><\/p>\n<p style=\"text-align: left;\">1970 er\u00f6ffnet die Kauffrau Wilhelmine Varwig ihr Hotel &#8222;Haus Varwig&#8220; mit Vollpension.&nbsp;10 Zimmer m\u00fcssen bewirtschaftet werden und die G\u00e4ste kommen von nah und fern.&nbsp;Die drei Enkelt\u00f6chter helfen gelegentlich und bedienen die G\u00e4ste.&nbsp;In den 90ziger Jahren \u00fcbernimmt Gerd mit seiner Frau.&nbsp;Das Haus wird umgebaut und 5 Ferienwohnungen eingerichtet.&nbsp;2021 \u00fcbernimmt Enkeltochter Silvia die Vermietungen.&nbsp;Wieder wird modernisiert, und in Zukunft werden die Wohnungen dem Trend der Zeit angepasst.<\/p>\n<p>&nbsp;<\/p>\n<h1>Ein Rundweg&#8230;<\/h1>\n<h5>&nbsp; &nbsp; &nbsp; &nbsp; &nbsp; &nbsp; &#8230; ein Rundweg mit Geschichte(n).<\/h5>\n<blockquote><p><a href=\"https:\/\/www.historische-schaufenster.de\/index.php\/portfolio.html\">Web Site historisches-schaufenster &#8211; hier klicken &#8211;<\/a><\/p><\/blockquote>\n<p style=\"text-align: center;\">&nbsp;<\/p>\n","protected":false},"excerpt":{"rendered":"<p>120 Jahre &#8211; Haus Varwig Vor 110 Jahren kauft Wilhelm Varwig auf dem Grundst\u00fcck an der Wiekstra\u00dfe zun\u00e4chst ein eingeschossiges<\/p>\n","protected":false},"author":1,"featured_media":0,"parent":0,"menu_order":0,"comment_status":"closed","ping_status":"closed","template":"","meta":{"ngg_post_thumbnail":0,"footnotes":""},"class_list":["post-7","page","type-page","status-publish","hentry"],"yoast_head":"<!-- This site is optimized with the Yoast SEO plugin v24.4 - https:\/\/yoast.com\/wordpress\/plugins\/seo\/ -->\n<title>Geschichtlich - Ferienwohnungen Bad Rothenfelde am Kurpark ruhig und ortsnah<\/title>\n<meta name=\"description\" content=\"Ferienwohnung, Urlaub Bad Rothenfelde, Pension, Haus Varwig, Pension, am Kurpark, Entspannung, Wohlf\u00fchlen, Auszeit, Fahrradtour, Wandern\" \/>\n<meta name=\"robots\" content=\"index, follow, max-snippet:-1, max-image-preview:large, max-video-preview:-1\" \/>\n<link rel=\"canonical\" href=\"https:\/\/haus-varwig.heliware.de\/?page_id=7\" \/>\n<meta property=\"og:locale\" content=\"de_DE\" \/>\n<meta property=\"og:type\" content=\"article\" \/>\n<meta property=\"og:title\" content=\"Geschichtlich - Ferienwohnungen Bad Rothenfelde am Kurpark ruhig und ortsnah\" \/>\n<meta property=\"og:description\" content=\"Ferienwohnung, Urlaub Bad Rothenfelde, Pension, Haus Varwig, Pension, am Kurpark, Entspannung, Wohlf\u00fchlen, Auszeit, Fahrradtour, Wandern\" \/>\n<meta property=\"og:url\" content=\"https:\/\/haus-varwig.heliware.de\/?page_id=7\" \/>\n<meta property=\"og:site_name\" content=\"Ferienwohnungen Bad Rothenfelde am Kurpark ruhig und ortsnah\" \/>\n<meta property=\"article:modified_time\" content=\"2025-02-03T12:05:49+00:00\" \/>\n<meta property=\"og:image\" content=\"https:\/\/haus-varwig.de\/wp-content\/uploads\/2021\/11\/k-IMG_6573-225x300.jpg\" \/>\n<meta name=\"twitter:card\" content=\"summary_large_image\" \/>\n<meta name=\"twitter:label1\" content=\"Gesch\u00e4tzte Lesezeit\" \/>\n\t<meta name=\"twitter:data1\" content=\"2\u00a0Minuten\" \/>\n<script type=\"application\/ld+json\" class=\"yoast-schema-graph\">{\"@context\":\"https:\/\/schema.org\",\"@graph\":[{\"@type\":\"WebPage\",\"@id\":\"https:\/\/haus-varwig.heliware.de\/?page_id=7\",\"url\":\"https:\/\/haus-varwig.heliware.de\/?page_id=7\",\"name\":\"Geschichtlich - Ferienwohnungen Bad Rothenfelde am Kurpark ruhig und ortsnah\",\"isPartOf\":{\"@id\":\"https:\/\/haus-varwig.heliware.de\/#website\"},\"primaryImageOfPage\":{\"@id\":\"https:\/\/haus-varwig.heliware.de\/?page_id=7#primaryimage\"},\"image\":{\"@id\":\"https:\/\/haus-varwig.heliware.de\/?page_id=7#primaryimage\"},\"thumbnailUrl\":\"https:\/\/haus-varwig.de\/wp-content\/uploads\/2021\/11\/k-IMG_6573-225x300.jpg\",\"datePublished\":\"2021-03-12T13:40:50+00:00\",\"dateModified\":\"2025-02-03T12:05:49+00:00\",\"description\":\"Ferienwohnung, Urlaub Bad Rothenfelde, Pension, Haus Varwig, Pension, am Kurpark, Entspannung, Wohlf\u00fchlen, Auszeit, Fahrradtour, Wandern\",\"breadcrumb\":{\"@id\":\"https:\/\/haus-varwig.heliware.de\/?page_id=7#breadcrumb\"},\"inLanguage\":\"de\",\"potentialAction\":[{\"@type\":\"ReadAction\",\"target\":[\"https:\/\/haus-varwig.heliware.de\/?page_id=7\"]}]},{\"@type\":\"ImageObject\",\"inLanguage\":\"de\",\"@id\":\"https:\/\/haus-varwig.heliware.de\/?page_id=7#primaryimage\",\"url\":\"https:\/\/haus-varwig.de\/wp-content\/uploads\/2021\/11\/k-IMG_6573-225x300.jpg\",\"contentUrl\":\"https:\/\/haus-varwig.de\/wp-content\/uploads\/2021\/11\/k-IMG_6573-225x300.jpg\"},{\"@type\":\"BreadcrumbList\",\"@id\":\"https:\/\/haus-varwig.heliware.de\/?page_id=7#breadcrumb\",\"itemListElement\":[{\"@type\":\"ListItem\",\"position\":1,\"name\":\"Startseite\",\"item\":\"https:\/\/haus-varwig.heliware.de\/\"},{\"@type\":\"ListItem\",\"position\":2,\"name\":\"Geschichtlich\"}]},{\"@type\":\"WebSite\",\"@id\":\"https:\/\/haus-varwig.heliware.de\/#website\",\"url\":\"https:\/\/haus-varwig.heliware.de\/\",\"name\":\"Ferienwohnungen Bad Rothenfelde am Kurpark ruhig und ortsnah\",\"description\":\"Ferienwohnungen Bad Rothenfelde am Kurpark ruhig und ortsnah\",\"publisher\":{\"@id\":\"https:\/\/haus-varwig.heliware.de\/#organization\"},\"potentialAction\":[{\"@type\":\"SearchAction\",\"target\":{\"@type\":\"EntryPoint\",\"urlTemplate\":\"https:\/\/haus-varwig.heliware.de\/?s={search_term_string}\"},\"query-input\":{\"@type\":\"PropertyValueSpecification\",\"valueRequired\":true,\"valueName\":\"search_term_string\"}}],\"inLanguage\":\"de\"},{\"@type\":\"Organization\",\"@id\":\"https:\/\/haus-varwig.heliware.de\/#organization\",\"name\":\"Haus Varwig Bad Rothenfelde\",\"url\":\"https:\/\/haus-varwig.heliware.de\/\",\"logo\":{\"@type\":\"ImageObject\",\"inLanguage\":\"de\",\"@id\":\"https:\/\/haus-varwig.heliware.de\/#\/schema\/logo\/image\/\",\"url\":\"https:\/\/haus-varwig.heliware.de\/wp-content\/uploads\/2023\/08\/cropped-cropped-cropped-ICON_Haus_Varwig.png\",\"contentUrl\":\"https:\/\/haus-varwig.heliware.de\/wp-content\/uploads\/2023\/08\/cropped-cropped-cropped-ICON_Haus_Varwig.png\",\"width\":512,\"height\":512,\"caption\":\"Haus Varwig Bad Rothenfelde\"},\"image\":{\"@id\":\"https:\/\/haus-varwig.heliware.de\/#\/schema\/logo\/image\/\"}}]}<\/script>\n<!-- \/ Yoast SEO plugin. -->","yoast_head_json":{"title":"Geschichtlich - Ferienwohnungen Bad Rothenfelde am Kurpark ruhig und ortsnah","description":"Ferienwohnung, Urlaub Bad Rothenfelde, Pension, Haus Varwig, Pension, am Kurpark, Entspannung, Wohlf\u00fchlen, Auszeit, Fahrradtour, Wandern","robots":{"index":"index","follow":"follow","max-snippet":"max-snippet:-1","max-image-preview":"max-image-preview:large","max-video-preview":"max-video-preview:-1"},"canonical":"https:\/\/haus-varwig.heliware.de\/?page_id=7","og_locale":"de_DE","og_type":"article","og_title":"Geschichtlich - Ferienwohnungen Bad Rothenfelde am Kurpark ruhig und ortsnah","og_description":"Ferienwohnung, Urlaub Bad Rothenfelde, Pension, Haus Varwig, Pension, am Kurpark, Entspannung, Wohlf\u00fchlen, Auszeit, Fahrradtour, Wandern","og_url":"https:\/\/haus-varwig.heliware.de\/?page_id=7","og_site_name":"Ferienwohnungen Bad Rothenfelde am Kurpark ruhig und ortsnah","article_modified_time":"2025-02-03T12:05:49+00:00","og_image":[{"url":"https:\/\/haus-varwig.de\/wp-content\/uploads\/2021\/11\/k-IMG_6573-225x300.jpg","type":"","width":"","height":""}],"twitter_card":"summary_large_image","twitter_misc":{"Gesch\u00e4tzte Lesezeit":"2\u00a0Minuten"},"schema":{"@context":"https:\/\/schema.org","@graph":[{"@type":"WebPage","@id":"https:\/\/haus-varwig.heliware.de\/?page_id=7","url":"https:\/\/haus-varwig.heliware.de\/?page_id=7","name":"Geschichtlich - Ferienwohnungen Bad Rothenfelde am Kurpark ruhig und ortsnah","isPartOf":{"@id":"https:\/\/haus-varwig.heliware.de\/#website"},"primaryImageOfPage":{"@id":"https:\/\/haus-varwig.heliware.de\/?page_id=7#primaryimage"},"image":{"@id":"https:\/\/haus-varwig.heliware.de\/?page_id=7#primaryimage"},"thumbnailUrl":"https:\/\/haus-varwig.de\/wp-content\/uploads\/2021\/11\/k-IMG_6573-225x300.jpg","datePublished":"2021-03-12T13:40:50+00:00","dateModified":"2025-02-03T12:05:49+00:00","description":"Ferienwohnung, Urlaub Bad Rothenfelde, Pension, Haus Varwig, Pension, am Kurpark, Entspannung, Wohlf\u00fchlen, Auszeit, Fahrradtour, Wandern","breadcrumb":{"@id":"https:\/\/haus-varwig.heliware.de\/?page_id=7#breadcrumb"},"inLanguage":"de","potentialAction":[{"@type":"ReadAction","target":["https:\/\/haus-varwig.heliware.de\/?page_id=7"]}]},{"@type":"ImageObject","inLanguage":"de","@id":"https:\/\/haus-varwig.heliware.de\/?page_id=7#primaryimage","url":"https:\/\/haus-varwig.de\/wp-content\/uploads\/2021\/11\/k-IMG_6573-225x300.jpg","contentUrl":"https:\/\/haus-varwig.de\/wp-content\/uploads\/2021\/11\/k-IMG_6573-225x300.jpg"},{"@type":"BreadcrumbList","@id":"https:\/\/haus-varwig.heliware.de\/?page_id=7#breadcrumb","itemListElement":[{"@type":"ListItem","position":1,"name":"Startseite","item":"https:\/\/haus-varwig.heliware.de\/"},{"@type":"ListItem","position":2,"name":"Geschichtlich"}]},{"@type":"WebSite","@id":"https:\/\/haus-varwig.heliware.de\/#website","url":"https:\/\/haus-varwig.heliware.de\/","name":"Ferienwohnungen Bad Rothenfelde am Kurpark ruhig und ortsnah","description":"Ferienwohnungen Bad Rothenfelde am Kurpark ruhig und ortsnah","publisher":{"@id":"https:\/\/haus-varwig.heliware.de\/#organization"},"potentialAction":[{"@type":"SearchAction","target":{"@type":"EntryPoint","urlTemplate":"https:\/\/haus-varwig.heliware.de\/?s={search_term_string}"},"query-input":{"@type":"PropertyValueSpecification","valueRequired":true,"valueName":"search_term_string"}}],"inLanguage":"de"},{"@type":"Organization","@id":"https:\/\/haus-varwig.heliware.de\/#organization","name":"Haus Varwig Bad Rothenfelde","url":"https:\/\/haus-varwig.heliware.de\/","logo":{"@type":"ImageObject","inLanguage":"de","@id":"https:\/\/haus-varwig.heliware.de\/#\/schema\/logo\/image\/","url":"https:\/\/haus-varwig.heliware.de\/wp-content\/uploads\/2023\/08\/cropped-cropped-cropped-ICON_Haus_Varwig.png","contentUrl":"https:\/\/haus-varwig.heliware.de\/wp-content\/uploads\/2023\/08\/cropped-cropped-cropped-ICON_Haus_Varwig.png","width":512,"height":512,"caption":"Haus Varwig Bad Rothenfelde"},"image":{"@id":"https:\/\/haus-varwig.heliware.de\/#\/schema\/logo\/image\/"}}]}},"_links":{"self":[{"href":"https:\/\/haus-varwig.heliware.de\/index.php?rest_route=\/wp\/v2\/pages\/7","targetHints":{"allow":["GET"]}}],"collection":[{"href":"https:\/\/haus-varwig.heliware.de\/index.php?rest_route=\/wp\/v2\/pages"}],"about":[{"href":"https:\/\/haus-varwig.heliware.de\/index.php?rest_route=\/wp\/v2\/types\/page"}],"author":[{"embeddable":true,"href":"https:\/\/haus-varwig.heliware.de\/index.php?rest_route=\/wp\/v2\/users\/1"}],"replies":[{"embeddable":true,"href":"https:\/\/haus-varwig.heliware.de\/index.php?rest_route=%2Fwp%2Fv2%2Fcomments&post=7"}],"version-history":[{"count":23,"href":"https:\/\/haus-varwig.heliware.de\/index.php?rest_route=\/wp\/v2\/pages\/7\/revisions"}],"predecessor-version":[{"id":1453,"href":"https:\/\/haus-varwig.heliware.de\/index.php?rest_route=\/wp\/v2\/pages\/7\/revisions\/1453"}],"wp:attachment":[{"href":"https:\/\/haus-varwig.heliware.de\/index.php?rest_route=%2Fwp%2Fv2%2Fmedia&parent=7"}],"curies":[{"name":"wp","href":"https:\/\/api.w.org\/{rel}","templated":true}]}}