{"id":28,"date":"2021-03-12T13:51:00","date_gmt":"2021-03-12T13:51:00","guid":{"rendered":"https:\/\/custom.heliware.de\/?page_id=28"},"modified":"2025-10-08T15:55:00","modified_gmt":"2025-10-08T15:55:00","slug":"home","status":"publish","type":"page","link":"https:\/\/haus-varwig.heliware.de\/","title":{"rendered":"Herzlich Willkommen"},"content":{"rendered":"<p data-pm-slice=\"1 1 []\"><strong>Willkommen in unseren-Ferienwohnungen \u2013 Erholung pur in bester Lage!<\/strong><\/p>\n<p>Erleben Sie unvergessliche Urlaubsmomente in unseren komfortablen Ferienwohnungen und Appartements.<br \/>\nOb entspannter Kurzurlaub, erlebnisreiche Wanderungen oder ein gem\u00fctlicher St\u00e4dtetrip, unsere Unterk\u00fcnfte bieten Ihnen die perfekte Basis f\u00fcr Ihre Auszeit.<\/p>\n<p data-pm-slice=\"1 1 []\"><strong>Warum unsere Ferienwohnungen?<\/strong><\/p>\n<p>\u2705 Voll ausgestattete Appartements mit Komfort<br \/>\n\u2705 Zentrale Lage mit bester Anbindung an Sehensw\u00fcrdigkeiten<br \/>\n\u2705 Gem\u00fctliches Ambiente f\u00fcr Erholung und Entspannung<br \/>\n\u2705 Perfekte Ausstattung mit WLAN, gro\u00dfer TV, K\u00fcche und mehr<br \/>\n\u2705 Hervorragende Bewertungen und zufriedene G\u00e4ste<\/p>\n<p data-pm-slice=\"1 1 []\"><strong>Ihr perfekter Urlaub beginnt hier!<\/strong><\/p>\n<p data-pm-slice=\"1 1 []\">Unsere Ferienwohnungen sind ideal f\u00fcr Paare, Singles oder Gesch\u00e4ftsreisende.&nbsp;<br \/>\nOb f\u00fcr ein langes Wochenende oder einen l\u00e4ngeren Aufenthalt \u2013 hier f\u00fchlen Sie sich wie zu Hause.<br \/>\nWir sind ein kleiner Familienbetrieb und setzen alles daran, unseren G\u00e4sten eine angenehme Atmosph\u00e4re zu schaffen.<br \/>\nUnsere Ferienwohnungen und Studios sind ganzj\u00e4hrig buchbar.<br \/>\nSichern Sie sich Ihre Wunschunterkunft und genie\u00dfen Sie einen sorgenfreien Aufenthalt.<\/p>\n<p data-pm-slice=\"1 1 []\">Wir freuen uns darauf, Sie bald begr\u00fc\u00dfen zu d\u00fcrfen!<\/p>\n<p style=\"text-align: left;\">&nbsp; <img loading=\"lazy\" decoding=\"async\" class=\"alignnone wp-image-267\" src=\"https:\/\/haus-varwig.de\/wp-content\/uploads\/2021\/11\/k-Haus-Varwig03-300x169.jpg\" alt=\"\" width=\"1015\" height=\"571\" srcset=\"https:\/\/haus-varwig.heliware.de\/wp-content\/uploads\/2021\/11\/k-Haus-Varwig03-300x169.jpg 300w, https:\/\/haus-varwig.heliware.de\/wp-content\/uploads\/2021\/11\/k-Haus-Varwig03-1024x577.jpg 1024w, https:\/\/haus-varwig.heliware.de\/wp-content\/uploads\/2021\/11\/k-Haus-Varwig03-768x433.jpg 768w, https:\/\/haus-varwig.heliware.de\/wp-content\/uploads\/2021\/11\/k-Haus-Varwig03-1536x865.jpg 1536w, https:\/\/haus-varwig.heliware.de\/wp-content\/uploads\/2021\/11\/k-Haus-Varwig03-2048x1154.jpg 2048w\" sizes=\"auto, (max-width: 1015px) 100vw, 1015px\" \/><\/p>\n<p><img loading=\"lazy\" decoding=\"async\" class=\"alignnone size-full wp-image-1675\" src=\"https:\/\/haus-varwig.heliware.de\/wp-content\/uploads\/2025\/05\/App5_k-IMG_9239.jpg\" alt=\"\" width=\"1024\" height=\"768\" srcset=\"https:\/\/haus-varwig.heliware.de\/wp-content\/uploads\/2025\/05\/App5_k-IMG_9239.jpg 1024w, https:\/\/haus-varwig.heliware.de\/wp-content\/uploads\/2025\/05\/App5_k-IMG_9239-300x225.jpg 300w, https:\/\/haus-varwig.heliware.de\/wp-content\/uploads\/2025\/05\/App5_k-IMG_9239-768x576.jpg 768w\" sizes=\"auto, (max-width: 1024px) 100vw, 1024px\" \/><\/p>\n<p><img loading=\"lazy\" decoding=\"async\" class=\"alignnone wp-image-1359\" src=\"https:\/\/haus-varwig.heliware.de\/wp-content\/uploads\/2024\/04\/k-FEWO.2_Schlafen.jpg\" alt=\"\" width=\"1022\" height=\"575\" srcset=\"https:\/\/haus-varwig.heliware.de\/wp-content\/uploads\/2024\/04\/k-FEWO.2_Schlafen.jpg 1024w, https:\/\/haus-varwig.heliware.de\/wp-content\/uploads\/2024\/04\/k-FEWO.2_Schlafen-300x169.jpg 300w, https:\/\/haus-varwig.heliware.de\/wp-content\/uploads\/2024\/04\/k-FEWO.2_Schlafen-768x432.jpg 768w\" sizes=\"auto, (max-width: 1022px) 100vw, 1022px\" \/><\/p>\n<p><img loading=\"lazy\" decoding=\"async\" class=\"alignnone wp-image-1152\" src=\"https:\/\/haus-varwig.heliware.de\/wp-content\/uploads\/2023\/05\/k-Studio4-3-scaled.jpg\" alt=\"\" width=\"1020\" height=\"765\" srcset=\"https:\/\/haus-varwig.heliware.de\/wp-content\/uploads\/2023\/05\/k-Studio4-3-scaled.jpg 2560w, https:\/\/haus-varwig.heliware.de\/wp-content\/uploads\/2023\/05\/k-Studio4-3-300x225.jpg 300w, https:\/\/haus-varwig.heliware.de\/wp-content\/uploads\/2023\/05\/k-Studio4-3-1024x768.jpg 1024w, https:\/\/haus-varwig.heliware.de\/wp-content\/uploads\/2023\/05\/k-Studio4-3-768x576.jpg 768w, https:\/\/haus-varwig.heliware.de\/wp-content\/uploads\/2023\/05\/k-Studio4-3-1536x1152.jpg 1536w, https:\/\/haus-varwig.heliware.de\/wp-content\/uploads\/2023\/05\/k-Studio4-3-2048x1536.jpg 2048w\" sizes=\"auto, (max-width: 1020px) 100vw, 1020px\" \/><\/p>\n<p><img loading=\"lazy\" decoding=\"async\" class=\"alignnone wp-image-1275\" src=\"https:\/\/haus-varwig.heliware.de\/wp-content\/uploads\/2024\/02\/k-Flur24_c-scaled.jpg\" alt=\"\" width=\"1020\" height=\"764\" srcset=\"https:\/\/haus-varwig.heliware.de\/wp-content\/uploads\/2024\/02\/k-Flur24_c-scaled.jpg 2560w, https:\/\/haus-varwig.heliware.de\/wp-content\/uploads\/2024\/02\/k-Flur24_c-300x225.jpg 300w, https:\/\/haus-varwig.heliware.de\/wp-content\/uploads\/2024\/02\/k-Flur24_c-1024x768.jpg 1024w, https:\/\/haus-varwig.heliware.de\/wp-content\/uploads\/2024\/02\/k-Flur24_c-768x576.jpg 768w, https:\/\/haus-varwig.heliware.de\/wp-content\/uploads\/2024\/02\/k-Flur24_c-1536x1152.jpg 1536w, https:\/\/haus-varwig.heliware.de\/wp-content\/uploads\/2024\/02\/k-Flur24_c-2048x1536.jpg 2048w\" sizes=\"auto, (max-width: 1020px) 100vw, 1020px\" \/><\/p>\n<p><img loading=\"lazy\" decoding=\"async\" class=\"alignnone wp-image-1369\" src=\"https:\/\/haus-varwig.heliware.de\/wp-content\/uploads\/2024\/04\/k-FEWO.3_schlafen1.jpg\" alt=\"\" width=\"1020\" height=\"574\" srcset=\"https:\/\/haus-varwig.heliware.de\/wp-content\/uploads\/2024\/04\/k-FEWO.3_schlafen1.jpg 1024w, https:\/\/haus-varwig.heliware.de\/wp-content\/uploads\/2024\/04\/k-FEWO.3_schlafen1-300x169.jpg 300w, https:\/\/haus-varwig.heliware.de\/wp-content\/uploads\/2024\/04\/k-FEWO.3_schlafen1-768x432.jpg 768w\" sizes=\"auto, (max-width: 1020px) 100vw, 1020px\" \/><\/p>\n<p>&nbsp;<\/p>\n<p>&nbsp;<\/p>\n<p data-pm-slice=\"1 1 []\"><strong>Perfekte Lage f\u00fcr Erholung und Erkundung<\/strong><\/p>\n<p>Die Gradierwerke, der Kurpark mit Themeng\u00e4rten, gem\u00fctliche Caf\u00e9s und Konditoreien sowie vielf\u00e4ltige Einkaufsm\u00f6glichkeiten sind in wenigen Minuten fu\u00dfl\u00e4ufig erreichbar. Unser Standort ist der ideale Ausgangspunkt f\u00fcr unvergessliche Ausfl\u00fcge und entspannte Shoppingtouren im Ort.<\/p>\n<p><strong>Ihr Aufenthalt in ruhiger Wohlf\u00fchl-Atmosph\u00e4re<\/strong><\/p>\n<p>Unser Haus bietet Ihnen eine ruhige Umgebung mit verschiedenen Unterkunftsoptionen:<\/p>\n<ul data-spread=\"false\">\n<li>3 Ferienwohnungen \u2013 ger\u00e4umig und modern ausgestattet<\/li>\n<li>1 Appartement \u2013 ideal f\u00fcr Paare oder Einzelreisende<\/li>\n<li>1 Studio \u2013 perfekt f\u00fcr Alleinreisende<\/li>\n<\/ul>\n<p><strong>Mehr Komfort f\u00fcr Ihren Urlaub<\/strong><\/p>\n<ul data-spread=\"false\">\n<li>Fahrradfreundlich: Abschlie\u00dfbarer Fahrradraum mit E-Bike-Ladestation<\/li>\n<li>Kostenlose Fahrr\u00e4der f\u00fcr Ihre Erkundungstouren<\/li>\n<li>Erholung pur: Liegewiesen und Terrassen im Garten<\/li>\n<li>Parkpl\u00e4tze: F\u00fcr jede Wohneinheit ein eigener Stellplatz&nbsp;<\/li>\n<\/ul>\n<p>Buchen Sie jetzt Ihre perfekte Unterkunft und genie\u00dfen Sie eine entspannte Auszeit!<\/p>\n<p>&nbsp;<\/p>\n<p><img loading=\"lazy\" decoding=\"async\" class=\"alignnone size-medium wp-image-288\" src=\"https:\/\/haus-varwig.de\/wp-content\/uploads\/2021\/11\/k-DSC07315-300x169.jpg\" alt=\"\" width=\"300\" height=\"169\" srcset=\"https:\/\/haus-varwig.heliware.de\/wp-content\/uploads\/2021\/11\/k-DSC07315-300x169.jpg 300w, https:\/\/haus-varwig.heliware.de\/wp-content\/uploads\/2021\/11\/k-DSC07315-1024x577.jpg 1024w, https:\/\/haus-varwig.heliware.de\/wp-content\/uploads\/2021\/11\/k-DSC07315-768x433.jpg 768w, https:\/\/haus-varwig.heliware.de\/wp-content\/uploads\/2021\/11\/k-DSC07315-1536x865.jpg 1536w, https:\/\/haus-varwig.heliware.de\/wp-content\/uploads\/2021\/11\/k-DSC07315-2048x1154.jpg 2048w\" sizes=\"auto, (max-width: 300px) 100vw, 300px\" \/> &nbsp; <img loading=\"lazy\" decoding=\"async\" class=\"alignnone size-medium wp-image-276\" src=\"https:\/\/haus-varwig.de\/wp-content\/uploads\/2021\/11\/k-DSC07332-300x169.jpg\" alt=\"\" width=\"300\" height=\"169\" srcset=\"https:\/\/haus-varwig.heliware.de\/wp-content\/uploads\/2021\/11\/k-DSC07332-300x169.jpg 300w, https:\/\/haus-varwig.heliware.de\/wp-content\/uploads\/2021\/11\/k-DSC07332-1024x577.jpg 1024w, https:\/\/haus-varwig.heliware.de\/wp-content\/uploads\/2021\/11\/k-DSC07332-768x433.jpg 768w, https:\/\/haus-varwig.heliware.de\/wp-content\/uploads\/2021\/11\/k-DSC07332-1536x865.jpg 1536w, https:\/\/haus-varwig.heliware.de\/wp-content\/uploads\/2021\/11\/k-DSC07332-2048x1154.jpg 2048w\" sizes=\"auto, (max-width: 300px) 100vw, 300px\" \/> &nbsp; <img loading=\"lazy\" decoding=\"async\" class=\"alignnone size-medium wp-image-292\" src=\"https:\/\/haus-varwig.de\/wp-content\/uploads\/2021\/11\/k-k-DSC07317-300x169.jpg\" alt=\"\" width=\"300\" height=\"169\" srcset=\"https:\/\/haus-varwig.heliware.de\/wp-content\/uploads\/2021\/11\/k-k-DSC07317-300x169.jpg 300w, https:\/\/haus-varwig.heliware.de\/wp-content\/uploads\/2021\/11\/k-k-DSC07317-1024x577.jpg 1024w, https:\/\/haus-varwig.heliware.de\/wp-content\/uploads\/2021\/11\/k-k-DSC07317-768x433.jpg 768w, https:\/\/haus-varwig.heliware.de\/wp-content\/uploads\/2021\/11\/k-k-DSC07317-1536x865.jpg 1536w, https:\/\/haus-varwig.heliware.de\/wp-content\/uploads\/2021\/11\/k-k-DSC07317-2048x1153.jpg 2048w\" sizes=\"auto, (max-width: 300px) 100vw, 300px\" \/> &nbsp; <img loading=\"lazy\" decoding=\"async\" class=\"alignnone size-medium wp-image-285\" src=\"https:\/\/haus-varwig.de\/wp-content\/uploads\/2021\/11\/k-DSC07312-300x169.jpg\" alt=\"\" width=\"300\" height=\"169\" srcset=\"https:\/\/haus-varwig.heliware.de\/wp-content\/uploads\/2021\/11\/k-DSC07312-300x169.jpg 300w, https:\/\/haus-varwig.heliware.de\/wp-content\/uploads\/2021\/11\/k-DSC07312-1024x577.jpg 1024w, https:\/\/haus-varwig.heliware.de\/wp-content\/uploads\/2021\/11\/k-DSC07312-768x433.jpg 768w, https:\/\/haus-varwig.heliware.de\/wp-content\/uploads\/2021\/11\/k-DSC07312-1536x865.jpg 1536w, https:\/\/haus-varwig.heliware.de\/wp-content\/uploads\/2021\/11\/k-DSC07312-2048x1154.jpg 2048w\" sizes=\"auto, (max-width: 300px) 100vw, 300px\" \/> &nbsp; <img loading=\"lazy\" decoding=\"async\" class=\"alignnone wp-image-469\" src=\"https:\/\/haus-varwig.de\/wp-content\/uploads\/2022\/01\/k-Ort-Teuto-18-300x169.jpg\" alt=\"\" width=\"299\" height=\"168\" srcset=\"https:\/\/haus-varwig.heliware.de\/wp-content\/uploads\/2022\/01\/k-Ort-Teuto-18-300x169.jpg 300w, https:\/\/haus-varwig.heliware.de\/wp-content\/uploads\/2022\/01\/k-Ort-Teuto-18-768x432.jpg 768w, https:\/\/haus-varwig.heliware.de\/wp-content\/uploads\/2022\/01\/k-Ort-Teuto-18.jpg 1024w\" sizes=\"auto, (max-width: 299px) 100vw, 299px\" \/> &nbsp; <img loading=\"lazy\" decoding=\"async\" class=\"alignnone size-medium wp-image-486\" src=\"https:\/\/haus-varwig.de\/wp-content\/uploads\/2022\/01\/k-Ort-Teuto-9-300x169.jpg\" alt=\"\" width=\"300\" height=\"169\" srcset=\"https:\/\/haus-varwig.heliware.de\/wp-content\/uploads\/2022\/01\/k-Ort-Teuto-9-300x169.jpg 300w, https:\/\/haus-varwig.heliware.de\/wp-content\/uploads\/2022\/01\/k-Ort-Teuto-9-768x432.jpg 768w, https:\/\/haus-varwig.heliware.de\/wp-content\/uploads\/2022\/01\/k-Ort-Teuto-9.jpg 1024w\" sizes=\"auto, (max-width: 300px) 100vw, 300px\" \/><\/p>\n<p>&nbsp;<\/p>\n<p><strong>Genie\u00dfen Sie die heilende Luft und die frische Natur des Teutoburger Waldes in Bad Rothenfelde<\/strong><\/p>\n<p>Bad Rothenfelde, eingebettet im einzigartigen Natur- und Geopark TERRA.vita im n\u00f6rdlichen Teutoburger Wald und Wiehengebirge, bietet Ihnen einen unvergesslichen Aufenthalt inmitten unber\u00fchrter Natur.<\/p>\n<p>Ob bei einer gem\u00fctlichen Tasse Kaffee in einem der lokalen Caf\u00e9s oder bei einer entspannenden Massage in der <em>carpesol SPA Therme, <\/em><\/p>\n<p><strong>Erleben Sie Wellness und Erholung auf h\u00f6chstem Niveau<\/strong><\/p>\n<p>Lassen Sie sich von der einzigartigen Ruhe und der heilenden Wirkung der Umgebung verzaubern. G\u00f6nnen Sie sich eine Auszeit und genie\u00dfen Sie den Komfort und die Erholung in Bad Rothenfelde.<\/p>\n<p><strong>Wir freuen uns auf&nbsp; Ihren Besuch<\/strong><\/p>\n<h3><em>Ihr Haus Varwig<\/em><\/h3>\n","protected":false},"excerpt":{"rendered":"<p>Willkommen in unseren-Ferienwohnungen \u2013 Erholung pur in bester Lage! Erleben Sie unvergessliche Urlaubsmomente in unseren komfortablen Ferienwohnungen und Appartements. Ob<\/p>\n","protected":false},"author":1,"featured_media":0,"parent":0,"menu_order":0,"comment_status":"closed","ping_status":"closed","template":"","meta":{"ngg_post_thumbnail":0,"footnotes":""},"class_list":["post-28","page","type-page","status-publish","hentry"],"yoast_head":"<!-- This site is optimized with the Yoast SEO plugin v24.4 - https:\/\/yoast.com\/wordpress\/plugins\/seo\/ -->\n<title>Herzlich Willkommen - Ferienwohnungen Bad Rothenfelde am Kurpark ruhig und ortsnah<\/title>\n<meta name=\"description\" content=\"Ferienwohnungen, Urlaub, Bad Rothenfelde, Pension, Haus Varwig, am Kurpark Ferienwohnungen Bad Rothenfelde am Kurpark ruhig und ortsnah\" \/>\n<meta name=\"robots\" content=\"index, follow, max-snippet:-1, max-image-preview:large, max-video-preview:-1\" \/>\n<link rel=\"canonical\" href=\"https:\/\/haus-varwig.heliware.de\/\" \/>\n<meta property=\"og:locale\" content=\"de_DE\" \/>\n<meta property=\"og:type\" content=\"article\" \/>\n<meta property=\"og:title\" content=\"Herzlich Willkommen - Ferienwohnungen Bad Rothenfelde am Kurpark ruhig und ortsnah\" \/>\n<meta property=\"og:description\" content=\"Ferienwohnungen, Urlaub, Bad Rothenfelde, Pension, Haus Varwig, am Kurpark Ferienwohnungen Bad Rothenfelde am Kurpark ruhig und ortsnah\" \/>\n<meta property=\"og:url\" content=\"https:\/\/haus-varwig.heliware.de\/\" \/>\n<meta property=\"og:site_name\" content=\"Ferienwohnungen Bad Rothenfelde am Kurpark ruhig und ortsnah\" \/>\n<meta property=\"article:modified_time\" content=\"2025-10-08T15:55:00+00:00\" \/>\n<meta property=\"og:image\" content=\"https:\/\/haus-varwig.heliware.de\/wp-content\/uploads\/2021\/11\/k-Haus-Varwig03-scaled.jpg\" \/>\n\t<meta property=\"og:image:width\" content=\"2560\" \/>\n\t<meta property=\"og:image:height\" content=\"1442\" \/>\n\t<meta property=\"og:image:type\" content=\"image\/jpeg\" \/>\n<meta name=\"twitter:card\" content=\"summary_large_image\" \/>\n<meta name=\"twitter:label1\" content=\"Gesch\u00e4tzte Lesezeit\" \/>\n\t<meta name=\"twitter:data1\" content=\"5\u00a0Minuten\" \/>\n<script type=\"application\/ld+json\" class=\"yoast-schema-graph\">{\"@context\":\"https:\/\/schema.org\",\"@graph\":[{\"@type\":\"WebPage\",\"@id\":\"https:\/\/haus-varwig.heliware.de\/\",\"url\":\"https:\/\/haus-varwig.heliware.de\/\",\"name\":\"Herzlich Willkommen - Ferienwohnungen Bad Rothenfelde am Kurpark ruhig und ortsnah\",\"isPartOf\":{\"@id\":\"https:\/\/haus-varwig.heliware.de\/#website\"},\"primaryImageOfPage\":{\"@id\":\"https:\/\/haus-varwig.heliware.de\/#primaryimage\"},\"image\":{\"@id\":\"https:\/\/haus-varwig.heliware.de\/#primaryimage\"},\"thumbnailUrl\":\"https:\/\/haus-varwig.de\/wp-content\/uploads\/2021\/11\/k-Haus-Varwig03-300x169.jpg\",\"datePublished\":\"2021-03-12T13:51:00+00:00\",\"dateModified\":\"2025-10-08T15:55:00+00:00\",\"description\":\"Ferienwohnungen, Urlaub, Bad Rothenfelde, Pension, Haus Varwig, am Kurpark Ferienwohnungen Bad Rothenfelde am Kurpark ruhig und ortsnah\",\"breadcrumb\":{\"@id\":\"https:\/\/haus-varwig.heliware.de\/#breadcrumb\"},\"inLanguage\":\"de\",\"potentialAction\":[{\"@type\":\"ReadAction\",\"target\":[\"https:\/\/haus-varwig.heliware.de\/\"]}]},{\"@type\":\"ImageObject\",\"inLanguage\":\"de\",\"@id\":\"https:\/\/haus-varwig.heliware.de\/#primaryimage\",\"url\":\"https:\/\/haus-varwig.de\/wp-content\/uploads\/2021\/11\/k-Haus-Varwig03-300x169.jpg\",\"contentUrl\":\"https:\/\/haus-varwig.de\/wp-content\/uploads\/2021\/11\/k-Haus-Varwig03-300x169.jpg\"},{\"@type\":\"BreadcrumbList\",\"@id\":\"https:\/\/haus-varwig.heliware.de\/#breadcrumb\",\"itemListElement\":[{\"@type\":\"ListItem\",\"position\":1,\"name\":\"Startseite\",\"item\":\"https:\/\/haus-varwig.heliware.de\/\"},{\"@type\":\"ListItem\",\"position\":2,\"name\":\"Herzlich Willkommen\"}]},{\"@type\":\"WebSite\",\"@id\":\"https:\/\/haus-varwig.heliware.de\/#website\",\"url\":\"https:\/\/haus-varwig.heliware.de\/\",\"name\":\"Ferienwohnungen Bad Rothenfelde am Kurpark ruhig und ortsnah\",\"description\":\"Ferienwohnungen Bad Rothenfelde am Kurpark ruhig und ortsnah\",\"publisher\":{\"@id\":\"https:\/\/haus-varwig.heliware.de\/#organization\"},\"potentialAction\":[{\"@type\":\"SearchAction\",\"target\":{\"@type\":\"EntryPoint\",\"urlTemplate\":\"https:\/\/haus-varwig.heliware.de\/?s={search_term_string}\"},\"query-input\":{\"@type\":\"PropertyValueSpecification\",\"valueRequired\":true,\"valueName\":\"search_term_string\"}}],\"inLanguage\":\"de\"},{\"@type\":\"Organization\",\"@id\":\"https:\/\/haus-varwig.heliware.de\/#organization\",\"name\":\"Haus Varwig Bad Rothenfelde\",\"url\":\"https:\/\/haus-varwig.heliware.de\/\",\"logo\":{\"@type\":\"ImageObject\",\"inLanguage\":\"de\",\"@id\":\"https:\/\/haus-varwig.heliware.de\/#\/schema\/logo\/image\/\",\"url\":\"https:\/\/haus-varwig.heliware.de\/wp-content\/uploads\/2023\/08\/cropped-cropped-cropped-ICON_Haus_Varwig.png\",\"contentUrl\":\"https:\/\/haus-varwig.heliware.de\/wp-content\/uploads\/2023\/08\/cropped-cropped-cropped-ICON_Haus_Varwig.png\",\"width\":512,\"height\":512,\"caption\":\"Haus Varwig Bad Rothenfelde\"},\"image\":{\"@id\":\"https:\/\/haus-varwig.heliware.de\/#\/schema\/logo\/image\/\"}}]}<\/script>\n<!-- \/ Yoast SEO plugin. -->","yoast_head_json":{"title":"Herzlich Willkommen - Ferienwohnungen Bad Rothenfelde am Kurpark ruhig und ortsnah","description":"Ferienwohnungen, Urlaub, Bad Rothenfelde, Pension, Haus Varwig, am Kurpark Ferienwohnungen Bad Rothenfelde am Kurpark ruhig und ortsnah","robots":{"index":"index","follow":"follow","max-snippet":"max-snippet:-1","max-image-preview":"max-image-preview:large","max-video-preview":"max-video-preview:-1"},"canonical":"https:\/\/haus-varwig.heliware.de\/","og_locale":"de_DE","og_type":"article","og_title":"Herzlich Willkommen - Ferienwohnungen Bad Rothenfelde am Kurpark ruhig und ortsnah","og_description":"Ferienwohnungen, Urlaub, Bad Rothenfelde, Pension, Haus Varwig, am Kurpark Ferienwohnungen Bad Rothenfelde am Kurpark ruhig und ortsnah","og_url":"https:\/\/haus-varwig.heliware.de\/","og_site_name":"Ferienwohnungen Bad Rothenfelde am Kurpark ruhig und ortsnah","article_modified_time":"2025-10-08T15:55:00+00:00","og_image":[{"width":2560,"height":1442,"url":"https:\/\/haus-varwig.heliware.de\/wp-content\/uploads\/2021\/11\/k-Haus-Varwig03-scaled.jpg","type":"image\/jpeg"}],"twitter_card":"summary_large_image","twitter_misc":{"Gesch\u00e4tzte Lesezeit":"5\u00a0Minuten"},"schema":{"@context":"https:\/\/schema.org","@graph":[{"@type":"WebPage","@id":"https:\/\/haus-varwig.heliware.de\/","url":"https:\/\/haus-varwig.heliware.de\/","name":"Herzlich Willkommen - Ferienwohnungen Bad Rothenfelde am Kurpark ruhig und ortsnah","isPartOf":{"@id":"https:\/\/haus-varwig.heliware.de\/#website"},"primaryImageOfPage":{"@id":"https:\/\/haus-varwig.heliware.de\/#primaryimage"},"image":{"@id":"https:\/\/haus-varwig.heliware.de\/#primaryimage"},"thumbnailUrl":"https:\/\/haus-varwig.de\/wp-content\/uploads\/2021\/11\/k-Haus-Varwig03-300x169.jpg","datePublished":"2021-03-12T13:51:00+00:00","dateModified":"2025-10-08T15:55:00+00:00","description":"Ferienwohnungen, Urlaub, Bad Rothenfelde, Pension, Haus Varwig, am Kurpark Ferienwohnungen Bad Rothenfelde am Kurpark ruhig und ortsnah","breadcrumb":{"@id":"https:\/\/haus-varwig.heliware.de\/#breadcrumb"},"inLanguage":"de","potentialAction":[{"@type":"ReadAction","target":["https:\/\/haus-varwig.heliware.de\/"]}]},{"@type":"ImageObject","inLanguage":"de","@id":"https:\/\/haus-varwig.heliware.de\/#primaryimage","url":"https:\/\/haus-varwig.de\/wp-content\/uploads\/2021\/11\/k-Haus-Varwig03-300x169.jpg","contentUrl":"https:\/\/haus-varwig.de\/wp-content\/uploads\/2021\/11\/k-Haus-Varwig03-300x169.jpg"},{"@type":"BreadcrumbList","@id":"https:\/\/haus-varwig.heliware.de\/#breadcrumb","itemListElement":[{"@type":"ListItem","position":1,"name":"Startseite","item":"https:\/\/haus-varwig.heliware.de\/"},{"@type":"ListItem","position":2,"name":"Herzlich Willkommen"}]},{"@type":"WebSite","@id":"https:\/\/haus-varwig.heliware.de\/#website","url":"https:\/\/haus-varwig.heliware.de\/","name":"Ferienwohnungen Bad Rothenfelde am Kurpark ruhig und ortsnah","description":"Ferienwohnungen Bad Rothenfelde am Kurpark ruhig und ortsnah","publisher":{"@id":"https:\/\/haus-varwig.heliware.de\/#organization"},"potentialAction":[{"@type":"SearchAction","target":{"@type":"EntryPoint","urlTemplate":"https:\/\/haus-varwig.heliware.de\/?s={search_term_string}"},"query-input":{"@type":"PropertyValueSpecification","valueRequired":true,"valueName":"search_term_string"}}],"inLanguage":"de"},{"@type":"Organization","@id":"https:\/\/haus-varwig.heliware.de\/#organization","name":"Haus Varwig Bad Rothenfelde","url":"https:\/\/haus-varwig.heliware.de\/","logo":{"@type":"ImageObject","inLanguage":"de","@id":"https:\/\/haus-varwig.heliware.de\/#\/schema\/logo\/image\/","url":"https:\/\/haus-varwig.heliware.de\/wp-content\/uploads\/2023\/08\/cropped-cropped-cropped-ICON_Haus_Varwig.png","contentUrl":"https:\/\/haus-varwig.heliware.de\/wp-content\/uploads\/2023\/08\/cropped-cropped-cropped-ICON_Haus_Varwig.png","width":512,"height":512,"caption":"Haus Varwig Bad Rothenfelde"},"image":{"@id":"https:\/\/haus-varwig.heliware.de\/#\/schema\/logo\/image\/"}}]}},"_links":{"self":[{"href":"https:\/\/haus-varwig.heliware.de\/index.php?rest_route=\/wp\/v2\/pages\/28","targetHints":{"allow":["GET"]}}],"collection":[{"href":"https:\/\/haus-varwig.heliware.de\/index.php?rest_route=\/wp\/v2\/pages"}],"about":[{"href":"https:\/\/haus-varwig.heliware.de\/index.php?rest_route=\/wp\/v2\/types\/page"}],"author":[{"embeddable":true,"href":"https:\/\/haus-varwig.heliware.de\/index.php?rest_route=\/wp\/v2\/users\/1"}],"replies":[{"embeddable":true,"href":"https:\/\/haus-varwig.heliware.de\/index.php?rest_route=%2Fwp%2Fv2%2Fcomments&post=28"}],"version-history":[{"count":101,"href":"https:\/\/haus-varwig.heliware.de\/index.php?rest_route=\/wp\/v2\/pages\/28\/revisions"}],"predecessor-version":[{"id":1758,"href":"https:\/\/haus-varwig.heliware.de\/index.php?rest_route=\/wp\/v2\/pages\/28\/revisions\/1758"}],"wp:attachment":[{"href":"https:\/\/haus-varwig.heliware.de\/index.php?rest_route=%2Fwp%2Fv2%2Fmedia&parent=28"}],"curies":[{"name":"wp","href":"https:\/\/api.w.org\/{rel}","templated":true}]}}